{"id":19,"date":"2015-09-16T12:12:19","date_gmt":"2015-09-16T12:12:19","guid":{"rendered":"http:\/\/intellisem.libbn.org\/?page_id=19"},"modified":"2016-09-21T10:24:04","modified_gmt":"2016-09-21T10:24:04","slug":"services","status":"publish","type":"page","link":"https:\/\/intellisem.libbn.org\/de\/services\/","title":{"rendered":"Dienste"},"content":{"rendered":"<p style=\"text-align: justify;\">Beispiele daf\u00fcr, wie wir bei Intellisem Sie unterst\u00fctzen k\u00f6nnen:<\/p>\n<ul>\n<li style=\"text-align: justify;\">Installation, Konfiguration und Optimierung der StarGraph Plattform.<\/li>\n<li style=\"text-align: justify;\">Migration Ihrer Daten in einen Knowledge Graph.<\/li>\n<li style=\"text-align: justify;\">Erstellung eines Knowledge Graphs aus unstrukturiertem Text.<\/li>\n<li style=\"text-align: justify;\">Erstellung eines Knowledge Graphs aus Multimedia-Daten.<\/li>\n<li style=\"text-align: justify;\">Training des Question Answering Modells f\u00fcr Ihren Business-Bereich.<\/li>\n<li style=\"text-align: justify;\">Erstellung eines angepassten QA oder Dialogsystems f\u00fcr Ihren Knowledge Graph.<\/li>\n<li style=\"text-align: justify;\">Integration der StarGraph in existierende Systeme.<\/li>\n<li style=\"text-align: justify;\">Erstellung von nat\u00fcrlichsprachigen Interfaces f\u00fcr existierende Systeme.<\/li>\n<li style=\"text-align: justify;\">Beratung und Hilfe bei der Entwicklung von Semantic Technologies.<\/li>\n<\/ul>\n\n<div class=\"twitter-share\"><a href=\"https:\/\/twitter.com\/intent\/tweet\" class=\"twitter-share-button\">Tweet<\/a><\/div>\n","protected":false},"excerpt":{"rendered":"<p>Beispiele daf\u00fcr, wie wir bei Intellisem Sie unterst\u00fctzen k\u00f6nnen: Installation, Konfiguration und Optimierung der StarGraph Plattform. Migration Ihrer Daten in einen Knowledge Graph. Erstellung eines Knowledge Graphs aus unstrukturiertem Text. Erstellung eines Knowledge Graphs aus Multimedia-Daten. Training des Question Answering Modells f\u00fcr Ihren Business-Bereich. Erstellung eines angepassten QA oder Dialogsystems f\u00fcr Ihren Knowledge Graph. Integration [&hellip;]<\/p>\n","protected":false},"author":1,"featured_media":0,"parent":0,"menu_order":0,"comment_status":"closed","ping_status":"closed","template":"","meta":{"footnotes":""},"class_list":["post-19","page","type-page","status-publish","hentry"],"_links":{"self":[{"href":"https:\/\/intellisem.libbn.org\/de\/wp-json\/wp\/v2\/pages\/19","targetHints":{"allow":["GET"]}}],"collection":[{"href":"https:\/\/intellisem.libbn.org\/de\/wp-json\/wp\/v2\/pages"}],"about":[{"href":"https:\/\/intellisem.libbn.org\/de\/wp-json\/wp\/v2\/types\/page"}],"author":[{"embeddable":true,"href":"https:\/\/intellisem.libbn.org\/de\/wp-json\/wp\/v2\/users\/1"}],"replies":[{"embeddable":true,"href":"https:\/\/intellisem.libbn.org\/de\/wp-json\/wp\/v2\/comments?post=19"}],"version-history":[{"count":7,"href":"https:\/\/intellisem.libbn.org\/de\/wp-json\/wp\/v2\/pages\/19\/revisions"}],"predecessor-version":[{"id":234,"href":"https:\/\/intellisem.libbn.org\/de\/wp-json\/wp\/v2\/pages\/19\/revisions\/234"}],"wp:attachment":[{"href":"https:\/\/intellisem.libbn.org\/de\/wp-json\/wp\/v2\/media?parent=19"}],"curies":[{"name":"wp","href":"https:\/\/api.w.org\/{rel}","templated":true}]}}