{"id":49,"date":"2015-09-16T13:39:03","date_gmt":"2015-09-16T13:39:03","guid":{"rendered":"http:\/\/intellisem.libbn.org\/?page_id=49"},"modified":"2016-09-15T10:00:03","modified_gmt":"2016-09-15T10:00:03","slug":"about","status":"publish","type":"page","link":"https:\/\/intellisem.libbn.org\/de\/","title":{"rendered":"About"},"content":{"rendered":"<p style=\"text-align: justify;\"><strong>Intellisem <\/strong>ist ein Unternehmen, das sich auf die Entwicklung der n\u00e4chsten Generation von intelligenten und semantischen Informationssystem konzentriert.<\/p>\n<p style=\"text-align: justify;\"><strong>Unsere Vision:<\/strong><\/p>\n<p style=\"text-align: justify;\"><em><strong>&#8220;Nat\u00fcrliche Kommunikation mit Systemen erm\u00f6glichen&#8221;<\/strong><\/em><\/p>\n<p style=\"text-align: justify;\">Unser Produkt-Portfolio besteht aus StarGraph, einer NoSQL Graph-Datenbank die nat\u00fcrliche Interaktion anhand gro\u00dfer Knowledge Graphen unterst\u00fctzt.<\/p>\n<p style=\"text-align: justify;\">Wir bauen auf den Assets unserer Kunden aus allen Industriebereichen (Werbung, Marketing, IT, [Tele-]Medien und Inhaltsdiensten) auf und bieten ihnen einzigartige L\u00f6sungen anhand von state of the art semantischen Technologien.<\/p>\n<p style=\"text-align: justify;\">Wir haben Intellisem mit dem Ziel, die n\u00e4chste Generation von intelligenten bedeutungs-orientierten System zu bauen. Dazu verwenden wir unser pers\u00f6nliches Wissen in Kombination mit Erfahrung mit semantischen Technologien.<\/p>\n<p>&nbsp;<\/p>\n\n<div class=\"twitter-share\"><a href=\"https:\/\/twitter.com\/intent\/tweet\" class=\"twitter-share-button\">Tweet<\/a><\/div>\n","protected":false},"excerpt":{"rendered":"<p>Intellisem ist ein Unternehmen, das sich auf die Entwicklung der n\u00e4chsten Generation von intelligenten und semantischen Informationssystem konzentriert. Unsere Vision: &#8220;Nat\u00fcrliche Kommunikation mit Systemen erm\u00f6glichen&#8221; Unser Produkt-Portfolio besteht aus StarGraph, einer NoSQL Graph-Datenbank die nat\u00fcrliche Interaktion anhand gro\u00dfer Knowledge Graphen unterst\u00fctzt. Wir bauen auf den Assets unserer Kunden aus allen Industriebereichen (Werbung, Marketing, IT, [Tele-]Medien [&hellip;]<\/p>\n","protected":false},"author":1,"featured_media":0,"parent":0,"menu_order":0,"comment_status":"closed","ping_status":"closed","template":"","meta":{"footnotes":""},"class_list":["post-49","page","type-page","status-publish","hentry"],"_links":{"self":[{"href":"https:\/\/intellisem.libbn.org\/de\/wp-json\/wp\/v2\/pages\/49","targetHints":{"allow":["GET"]}}],"collection":[{"href":"https:\/\/intellisem.libbn.org\/de\/wp-json\/wp\/v2\/pages"}],"about":[{"href":"https:\/\/intellisem.libbn.org\/de\/wp-json\/wp\/v2\/types\/page"}],"author":[{"embeddable":true,"href":"https:\/\/intellisem.libbn.org\/de\/wp-json\/wp\/v2\/users\/1"}],"replies":[{"embeddable":true,"href":"https:\/\/intellisem.libbn.org\/de\/wp-json\/wp\/v2\/comments?post=49"}],"version-history":[{"count":9,"href":"https:\/\/intellisem.libbn.org\/de\/wp-json\/wp\/v2\/pages\/49\/revisions"}],"predecessor-version":[{"id":221,"href":"https:\/\/intellisem.libbn.org\/de\/wp-json\/wp\/v2\/pages\/49\/revisions\/221"}],"wp:attachment":[{"href":"https:\/\/intellisem.libbn.org\/de\/wp-json\/wp\/v2\/media?parent=49"}],"curies":[{"name":"wp","href":"https:\/\/api.w.org\/{rel}","templated":true}]}}